{"id":3963,"date":"2022-09-15T13:43:43","date_gmt":"2022-09-15T12:43:43","guid":{"rendered":"https:\/\/swisstrailcamps.ch\/product\/einsteiger-wochenende-zum-trailrunning-privates-zimmer"},"modified":"2022-12-12T10:37:15","modified_gmt":"2022-12-12T10:37:15","slug":"anfaenger-trail-running-camp-privat-zimmer","status":"publish","type":"product","link":"https:\/\/swisstrailcamps.ch\/de\/produkt\/anfaenger-trail-running-camp-privat-zimmer\/","title":{"rendered":"Anf\u00e4nger Trailrunning Camp in der Schweiz<br>  Privates Zimmer"},"content":{"rendered":"<p>Anf\u00e4nger Trailrunning-Wochenende in Davos.<br \/>\n01.07. &#8211; 02.07.2023<\/p>\n<p><span style=\"font-size: 16px;\">Inklusive:<\/span><\/p>\n<p>Eine \u00dcbernachtung im Hotel Stela***<br \/>\nZwei Tage gef\u00fchrte Trailruns (zertifizierte Trail Running Coaches von Swiss Athletics)<br \/>\nTrailrunning-Techniken (bergauf\/bergab)<br \/>\n\u201eWie man Trail Running macht\u201c Session<br \/>\nWorkshops<br \/>\nWellness im Spa<br \/>\nYoga<\/p>\n<p>Fr\u00fchst\u00fcck<br \/>\nAbendessen (vegan und vegetarisch)<br \/>\nSnacks (Obst, Gels, Energieriegel)<\/p>\n","protected":false},"excerpt":{"rendered":"<p>Anf\u00e4nger Trailrunning-Wochenende in Davos. 01.07. &#8211; 02.07.2023 Inklusive: Eine \u00dcbernachtung im Hotel Stela*** Zwei Tage gef\u00fchrte Trailruns (zertifizierte Trail Running Coaches von Swiss Athletics) Trailrunning-Techniken (bergauf\/bergab) \u201eWie man Trail Running macht\u201c Session Workshops Wellness im Spa Yoga Fr\u00fchst\u00fcck Abendessen (vegan und vegetarisch) Snacks (Obst, Gels, Energieriegel)<\/p>\n","protected":false},"featured_media":3645,"template":"","meta":{"om_disable_all_campaigns":false,"_monsterinsights_skip_tracking":false,"_monsterinsights_sitenote_active":false,"_monsterinsights_sitenote_note":"","_monsterinsights_sitenote_category":0,"site-sidebar-layout":"default","site-content-layout":"default","ast-site-content-layout":"default","site-content-style":"default","site-sidebar-style":"default","ast-global-header-display":"","ast-banner-title-visibility":"","ast-main-header-display":"","ast-hfb-above-header-display":"","ast-hfb-below-header-display":"","ast-hfb-mobile-header-display":"","site-post-title":"","ast-breadcrumbs-content":"","ast-featured-img":"","footer-sml-layout":"","ast-disable-related-posts":"","theme-transparent-header-meta":"default","adv-header-id-meta":"","stick-header-meta":"","header-above-stick-meta":"","header-main-stick-meta":"","header-below-stick-meta":"","astra-migrate-meta-layouts":"default","ast-page-background-enabled":"default","ast-page-background-meta":{"desktop":{"background-color":"var(--ast-global-color-4)","background-image":"","background-repeat":"repeat","background-position":"center center","background-size":"auto","background-attachment":"scroll","background-type":"","background-media":"","overlay-type":"","overlay-color":"","overlay-opacity":"","overlay-gradient":""},"tablet":{"background-color":"","background-image":"","background-repeat":"repeat","background-position":"center center","background-size":"auto","background-attachment":"scroll","background-type":"","background-media":"","overlay-type":"","overlay-color":"","overlay-opacity":"","overlay-gradient":""},"mobile":{"background-color":"","background-image":"","background-repeat":"repeat","background-position":"center center","background-size":"auto","background-attachment":"scroll","background-type":"","background-media":"","overlay-type":"","overlay-color":"","overlay-opacity":"","overlay-gradient":""}},"ast-content-background-meta":{"desktop":{"background-color":"var(--ast-global-color-5)","background-image":"","background-repeat":"repeat","background-position":"center center","background-size":"auto","background-attachment":"scroll","background-type":"","background-media":"","overlay-type":"","overlay-color":"","overlay-opacity":"","overlay-gradient":""},"tablet":{"background-color":"var(--ast-global-color-5)","background-image":"","background-repeat":"repeat","background-position":"center center","background-size":"auto","background-attachment":"scroll","background-type":"","background-media":"","overlay-type":"","overlay-color":"","overlay-opacity":"","overlay-gradient":""},"mobile":{"background-color":"var(--ast-global-color-5)","background-image":"","background-repeat":"repeat","background-position":"center center","background-size":"auto","background-attachment":"scroll","background-type":"","background-media":"","overlay-type":"","overlay-color":"","overlay-opacity":"","overlay-gradient":""}}},"product_brand":[],"product_cat":[122,112],"product_tag":[123,117,118],"class_list":{"0":"post-3963","1":"product","2":"type-product","3":"status-publish","4":"has-post-thumbnail","6":"product_cat-davos-de","7":"product_cat-wochenende","8":"product_tag-davos-de","9":"product_tag-trail-running-de","10":"product_tag-trailrunning-wochenende","11":"desktop-align-left","12":"tablet-align-left","13":"mobile-align-left","15":"first","16":"outofstock","17":"virtual","18":"purchasable","19":"product-type-simple"},"yoast_head":"<!-- This site is optimized with the Yoast SEO plugin v27.5 - https:\/\/yoast.com\/product\/yoast-seo-wordpress\/ -->\n<title>Anf\u00e4nger Trailrunning Camp in der Schweiz Privates Zimmer - Swiss Trail Camps<\/title>\n<meta name=\"description\" content=\"\u00dcbernachtung in einem Privatzimmer w\u00e4hrend des Trail Running Camp Weekends in Davos. Erkunden Sie das Programm.\" \/>\n<meta name=\"robots\" content=\"index, follow, max-snippet:-1, max-image-preview:large, max-video-preview:-1\" \/>\n<link rel=\"canonical\" href=\"https:\/\/swisstrailcamps.ch\/de\/produkt\/anfaenger-trail-running-camp-privat-zimmer\/\" \/>\n<meta property=\"og:locale\" content=\"de_DE\" \/>\n<meta property=\"og:type\" content=\"article\" \/>\n<meta property=\"og:title\" content=\"Anf\u00e4nger Trailrunning Camp in der Schweiz Privates Zimmer - Swiss Trail Camps\" \/>\n<meta property=\"og:description\" content=\"\u00dcbernachtung in einem Privatzimmer w\u00e4hrend des Trail Running Camp Weekends in Davos. Erkunden Sie das Programm.\" \/>\n<meta property=\"og:url\" content=\"https:\/\/swisstrailcamps.ch\/de\/produkt\/anfaenger-trail-running-camp-privat-zimmer\/\" \/>\n<meta property=\"og:site_name\" content=\"Swiss Trail Camps\" \/>\n<meta property=\"article:modified_time\" content=\"2022-12-12T10:37:15+00:00\" \/>\n<meta property=\"og:image\" content=\"https:\/\/swisstrailcamps.ch\/wp-content\/uploads\/2022\/11\/246033352.jpeg\" \/>\n\t<meta property=\"og:image:width\" content=\"1024\" \/>\n\t<meta property=\"og:image:height\" content=\"640\" \/>\n\t<meta property=\"og:image:type\" content=\"image\/jpeg\" \/>\n<meta name=\"twitter:card\" content=\"summary_large_image\" \/>\n<meta name=\"twitter:label1\" content=\"Gesch\u00e4tzte Lesezeit\" \/>\n\t<meta name=\"twitter:data1\" content=\"1\u00a0Minute\" \/>\n<script type=\"application\/ld+json\" class=\"yoast-schema-graph\">{\"@context\":\"https:\\\/\\\/schema.org\",\"@graph\":[{\"@type\":\"WebPage\",\"@id\":\"https:\\\/\\\/swisstrailcamps.ch\\\/de\\\/produkt\\\/anfaenger-trail-running-camp-privat-zimmer\\\/\",\"url\":\"https:\\\/\\\/swisstrailcamps.ch\\\/de\\\/produkt\\\/anfaenger-trail-running-camp-privat-zimmer\\\/\",\"name\":\"Anf\u00e4nger Trailrunning Camp in der Schweiz Privates Zimmer - Swiss Trail Camps\",\"isPartOf\":{\"@id\":\"https:\\\/\\\/swisstrailcamps.ch\\\/de\\\/#website\"},\"primaryImageOfPage\":{\"@id\":\"https:\\\/\\\/swisstrailcamps.ch\\\/de\\\/produkt\\\/anfaenger-trail-running-camp-privat-zimmer\\\/#primaryimage\"},\"image\":{\"@id\":\"https:\\\/\\\/swisstrailcamps.ch\\\/de\\\/produkt\\\/anfaenger-trail-running-camp-privat-zimmer\\\/#primaryimage\"},\"thumbnailUrl\":\"https:\\\/\\\/swisstrailcamps.ch\\\/wp-content\\\/uploads\\\/2022\\\/11\\\/246033352.jpeg\",\"datePublished\":\"2022-09-15T12:43:43+00:00\",\"dateModified\":\"2022-12-12T10:37:15+00:00\",\"description\":\"\u00dcbernachtung in einem Privatzimmer w\u00e4hrend des Trail Running Camp Weekends in Davos. Erkunden Sie das Programm.\",\"breadcrumb\":{\"@id\":\"https:\\\/\\\/swisstrailcamps.ch\\\/de\\\/produkt\\\/anfaenger-trail-running-camp-privat-zimmer\\\/#breadcrumb\"},\"inLanguage\":\"de\",\"potentialAction\":[{\"@type\":\"ReadAction\",\"target\":[\"https:\\\/\\\/swisstrailcamps.ch\\\/de\\\/produkt\\\/anfaenger-trail-running-camp-privat-zimmer\\\/\"]}]},{\"@type\":\"ImageObject\",\"inLanguage\":\"de\",\"@id\":\"https:\\\/\\\/swisstrailcamps.ch\\\/de\\\/produkt\\\/anfaenger-trail-running-camp-privat-zimmer\\\/#primaryimage\",\"url\":\"https:\\\/\\\/swisstrailcamps.ch\\\/wp-content\\\/uploads\\\/2022\\\/11\\\/246033352.jpeg\",\"contentUrl\":\"https:\\\/\\\/swisstrailcamps.ch\\\/wp-content\\\/uploads\\\/2022\\\/11\\\/246033352.jpeg\",\"width\":1024,\"height\":640,\"caption\":\"Einsteiger-Trailrunning-Kurs in der Schweiz\"},{\"@type\":\"BreadcrumbList\",\"@id\":\"https:\\\/\\\/swisstrailcamps.ch\\\/de\\\/produkt\\\/anfaenger-trail-running-camp-privat-zimmer\\\/#breadcrumb\",\"itemListElement\":[{\"@type\":\"ListItem\",\"position\":1,\"name\":\"Home\",\"item\":\"https:\\\/\\\/swisstrailcamps.ch\\\/de\\\/\"},{\"@type\":\"ListItem\",\"position\":2,\"name\":\"Trail Running Camps\",\"item\":\"https:\\\/\\\/swisstrailcamps.ch\\\/trail-running-camps\\\/\"},{\"@type\":\"ListItem\",\"position\":3,\"name\":\"Anf\u00e4nger Trailrunning Camp in der Schweiz Privates Zimmer\"}]},{\"@type\":\"WebSite\",\"@id\":\"https:\\\/\\\/swisstrailcamps.ch\\\/de\\\/#website\",\"url\":\"https:\\\/\\\/swisstrailcamps.ch\\\/de\\\/\",\"name\":\"Swiss Trail Camps\",\"description\":\"Trail Running Camps in Switzerland\",\"publisher\":{\"@id\":\"https:\\\/\\\/swisstrailcamps.ch\\\/de\\\/#organization\"},\"potentialAction\":[{\"@type\":\"SearchAction\",\"target\":{\"@type\":\"EntryPoint\",\"urlTemplate\":\"https:\\\/\\\/swisstrailcamps.ch\\\/de\\\/?s={search_term_string}\"},\"query-input\":{\"@type\":\"PropertyValueSpecification\",\"valueRequired\":true,\"valueName\":\"search_term_string\"}}],\"inLanguage\":\"de\"},{\"@type\":\"Organization\",\"@id\":\"https:\\\/\\\/swisstrailcamps.ch\\\/de\\\/#organization\",\"name\":\"Swiss Trail Camps\",\"url\":\"https:\\\/\\\/swisstrailcamps.ch\\\/de\\\/\",\"logo\":{\"@type\":\"ImageObject\",\"inLanguage\":\"de\",\"@id\":\"https:\\\/\\\/swisstrailcamps.ch\\\/de\\\/#\\\/schema\\\/logo\\\/image\\\/\",\"url\":\"https:\\\/\\\/swisstrailcamps.ch\\\/wp-content\\\/uploads\\\/2022\\\/09\\\/C-8.png\",\"contentUrl\":\"https:\\\/\\\/swisstrailcamps.ch\\\/wp-content\\\/uploads\\\/2022\\\/09\\\/C-8.png\",\"width\":250,\"height\":250,\"caption\":\"Swiss Trail Camps\"},\"image\":{\"@id\":\"https:\\\/\\\/swisstrailcamps.ch\\\/de\\\/#\\\/schema\\\/logo\\\/image\\\/\"},\"sameAs\":[\"https:\\\/\\\/www.instagram.com\\\/lilli.bit.everywhere\\\/\"]}]}<\/script>\n<!-- \/ Yoast SEO plugin. -->","yoast_head_json":{"title":"Anf\u00e4nger Trailrunning Camp in der Schweiz Privates Zimmer - Swiss Trail Camps","description":"\u00dcbernachtung in einem Privatzimmer w\u00e4hrend des Trail Running Camp Weekends in Davos. Erkunden Sie das Programm.","robots":{"index":"index","follow":"follow","max-snippet":"max-snippet:-1","max-image-preview":"max-image-preview:large","max-video-preview":"max-video-preview:-1"},"canonical":"https:\/\/swisstrailcamps.ch\/de\/produkt\/anfaenger-trail-running-camp-privat-zimmer\/","og_locale":"de_DE","og_type":"article","og_title":"Anf\u00e4nger Trailrunning Camp in der Schweiz Privates Zimmer - Swiss Trail Camps","og_description":"\u00dcbernachtung in einem Privatzimmer w\u00e4hrend des Trail Running Camp Weekends in Davos. Erkunden Sie das Programm.","og_url":"https:\/\/swisstrailcamps.ch\/de\/produkt\/anfaenger-trail-running-camp-privat-zimmer\/","og_site_name":"Swiss Trail Camps","article_modified_time":"2022-12-12T10:37:15+00:00","og_image":[{"width":1024,"height":640,"url":"https:\/\/swisstrailcamps.ch\/wp-content\/uploads\/2022\/11\/246033352.jpeg","type":"image\/jpeg"}],"twitter_card":"summary_large_image","twitter_misc":{"Gesch\u00e4tzte Lesezeit":"1\u00a0Minute"},"schema":{"@context":"https:\/\/schema.org","@graph":[{"@type":"WebPage","@id":"https:\/\/swisstrailcamps.ch\/de\/produkt\/anfaenger-trail-running-camp-privat-zimmer\/","url":"https:\/\/swisstrailcamps.ch\/de\/produkt\/anfaenger-trail-running-camp-privat-zimmer\/","name":"Anf\u00e4nger Trailrunning Camp in der Schweiz Privates Zimmer - Swiss Trail Camps","isPartOf":{"@id":"https:\/\/swisstrailcamps.ch\/de\/#website"},"primaryImageOfPage":{"@id":"https:\/\/swisstrailcamps.ch\/de\/produkt\/anfaenger-trail-running-camp-privat-zimmer\/#primaryimage"},"image":{"@id":"https:\/\/swisstrailcamps.ch\/de\/produkt\/anfaenger-trail-running-camp-privat-zimmer\/#primaryimage"},"thumbnailUrl":"https:\/\/swisstrailcamps.ch\/wp-content\/uploads\/2022\/11\/246033352.jpeg","datePublished":"2022-09-15T12:43:43+00:00","dateModified":"2022-12-12T10:37:15+00:00","description":"\u00dcbernachtung in einem Privatzimmer w\u00e4hrend des Trail Running Camp Weekends in Davos. Erkunden Sie das Programm.","breadcrumb":{"@id":"https:\/\/swisstrailcamps.ch\/de\/produkt\/anfaenger-trail-running-camp-privat-zimmer\/#breadcrumb"},"inLanguage":"de","potentialAction":[{"@type":"ReadAction","target":["https:\/\/swisstrailcamps.ch\/de\/produkt\/anfaenger-trail-running-camp-privat-zimmer\/"]}]},{"@type":"ImageObject","inLanguage":"de","@id":"https:\/\/swisstrailcamps.ch\/de\/produkt\/anfaenger-trail-running-camp-privat-zimmer\/#primaryimage","url":"https:\/\/swisstrailcamps.ch\/wp-content\/uploads\/2022\/11\/246033352.jpeg","contentUrl":"https:\/\/swisstrailcamps.ch\/wp-content\/uploads\/2022\/11\/246033352.jpeg","width":1024,"height":640,"caption":"Einsteiger-Trailrunning-Kurs in der Schweiz"},{"@type":"BreadcrumbList","@id":"https:\/\/swisstrailcamps.ch\/de\/produkt\/anfaenger-trail-running-camp-privat-zimmer\/#breadcrumb","itemListElement":[{"@type":"ListItem","position":1,"name":"Home","item":"https:\/\/swisstrailcamps.ch\/de\/"},{"@type":"ListItem","position":2,"name":"Trail Running Camps","item":"https:\/\/swisstrailcamps.ch\/trail-running-camps\/"},{"@type":"ListItem","position":3,"name":"Anf\u00e4nger Trailrunning Camp in der Schweiz Privates Zimmer"}]},{"@type":"WebSite","@id":"https:\/\/swisstrailcamps.ch\/de\/#website","url":"https:\/\/swisstrailcamps.ch\/de\/","name":"Swiss Trail Camps","description":"Trail Running Camps in Switzerland","publisher":{"@id":"https:\/\/swisstrailcamps.ch\/de\/#organization"},"potentialAction":[{"@type":"SearchAction","target":{"@type":"EntryPoint","urlTemplate":"https:\/\/swisstrailcamps.ch\/de\/?s={search_term_string}"},"query-input":{"@type":"PropertyValueSpecification","valueRequired":true,"valueName":"search_term_string"}}],"inLanguage":"de"},{"@type":"Organization","@id":"https:\/\/swisstrailcamps.ch\/de\/#organization","name":"Swiss Trail Camps","url":"https:\/\/swisstrailcamps.ch\/de\/","logo":{"@type":"ImageObject","inLanguage":"de","@id":"https:\/\/swisstrailcamps.ch\/de\/#\/schema\/logo\/image\/","url":"https:\/\/swisstrailcamps.ch\/wp-content\/uploads\/2022\/09\/C-8.png","contentUrl":"https:\/\/swisstrailcamps.ch\/wp-content\/uploads\/2022\/09\/C-8.png","width":250,"height":250,"caption":"Swiss Trail Camps"},"image":{"@id":"https:\/\/swisstrailcamps.ch\/de\/#\/schema\/logo\/image\/"},"sameAs":["https:\/\/www.instagram.com\/lilli.bit.everywhere\/"]}]}},"_links":{"self":[{"href":"https:\/\/swisstrailcamps.ch\/de\/wp-json\/wp\/v2\/product\/3963","targetHints":{"allow":["GET"]}}],"collection":[{"href":"https:\/\/swisstrailcamps.ch\/de\/wp-json\/wp\/v2\/product"}],"about":[{"href":"https:\/\/swisstrailcamps.ch\/de\/wp-json\/wp\/v2\/types\/product"}],"wp:featuredmedia":[{"embeddable":true,"href":"https:\/\/swisstrailcamps.ch\/de\/wp-json\/wp\/v2\/media\/3645"}],"wp:attachment":[{"href":"https:\/\/swisstrailcamps.ch\/de\/wp-json\/wp\/v2\/media?parent=3963"}],"wp:term":[{"taxonomy":"product_brand","embeddable":true,"href":"https:\/\/swisstrailcamps.ch\/de\/wp-json\/wp\/v2\/product_brand?post=3963"},{"taxonomy":"product_cat","embeddable":true,"href":"https:\/\/swisstrailcamps.ch\/de\/wp-json\/wp\/v2\/product_cat?post=3963"},{"taxonomy":"product_tag","embeddable":true,"href":"https:\/\/swisstrailcamps.ch\/de\/wp-json\/wp\/v2\/product_tag?post=3963"}],"curies":[{"name":"wp","href":"https:\/\/api.w.org\/{rel}","templated":true}]}}