{"id":3578,"date":"2022-09-17T13:46:35","date_gmt":"2022-09-17T12:46:35","guid":{"rendered":"https:\/\/swisstrailcamps.ch\/product\/trail-running-camp-saas-fee-gemeinsames-vier-bett-zimmer"},"modified":"2022-12-09T10:47:28","modified_gmt":"2022-12-09T10:47:28","slug":"saas-fee-trail-running-camp-geteiltes-vierbettzimmer","status":"publish","type":"product","link":"https:\/\/swisstrailcamps.ch\/de\/produkt\/saas-fee-trail-running-camp-geteiltes-vierbettzimmer\/","title":{"rendered":"Trailrunning Camp Saas-Fee <br>  Gemeinsames Dreibettzimmer"},"content":{"rendered":"<p>Trailrunning-Wochenende in Saas-Fee, Wallis<br \/>\n25.08. &#8211; 27.08.2022<\/p>\n<p><span style=\"font-size: 16px;\">Inklusive:<\/span><\/p>\n<ul>\n<li>Zwei \u00dcbernachtungen im WellnessHostel4000 in einem gemeinsamen Dreibettzimmer<\/li>\n<li>Drei Tage gef\u00fchrte Trailruns<\/li>\n<li>Nutrition Talk<\/li>\n<li>Fr\u00fchst\u00fcck<\/li>\n<li>Abendessen (vegan und vegetarisch)<\/li>\n<li>Snacks (Obst, Gels, Energieriegel)<\/li>\n<li>Yoga<\/li>\n<\/ul>\n","protected":false},"excerpt":{"rendered":"<p>Trailrunning-Wochenende in Saas-Fee, Wallis 25.08. &#8211; 27.08.2022 Inklusive: Zwei \u00dcbernachtungen im WellnessHostel4000 in einem gemeinsamen Dreibettzimmer Drei Tage gef\u00fchrte Trailruns Nutrition Talk Fr\u00fchst\u00fcck Abendessen (vegan und vegetarisch) Snacks (Obst, Gels, Energieriegel) Yoga<\/p>\n","protected":false},"featured_media":3204,"template":"","meta":{"om_disable_all_campaigns":false,"_monsterinsights_skip_tracking":false,"_monsterinsights_sitenote_active":false,"_monsterinsights_sitenote_note":"","_monsterinsights_sitenote_category":0,"site-sidebar-layout":"default","site-content-layout":"default","ast-site-content-layout":"default","site-content-style":"default","site-sidebar-style":"default","ast-global-header-display":"","ast-banner-title-visibility":"","ast-main-header-display":"","ast-hfb-above-header-display":"","ast-hfb-below-header-display":"","ast-hfb-mobile-header-display":"","site-post-title":"","ast-breadcrumbs-content":"","ast-featured-img":"","footer-sml-layout":"","ast-disable-related-posts":"","theme-transparent-header-meta":"default","adv-header-id-meta":"","stick-header-meta":"","header-above-stick-meta":"","header-main-stick-meta":"","header-below-stick-meta":"","astra-migrate-meta-layouts":"default","ast-page-background-enabled":"default","ast-page-background-meta":{"desktop":{"background-color":"var(--ast-global-color-4)","background-image":"","background-repeat":"repeat","background-position":"center center","background-size":"auto","background-attachment":"scroll","background-type":"","background-media":"","overlay-type":"","overlay-color":"","overlay-opacity":"","overlay-gradient":""},"tablet":{"background-color":"","background-image":"","background-repeat":"repeat","background-position":"center center","background-size":"auto","background-attachment":"scroll","background-type":"","background-media":"","overlay-type":"","overlay-color":"","overlay-opacity":"","overlay-gradient":""},"mobile":{"background-color":"","background-image":"","background-repeat":"repeat","background-position":"center center","background-size":"auto","background-attachment":"scroll","background-type":"","background-media":"","overlay-type":"","overlay-color":"","overlay-opacity":"","overlay-gradient":""}},"ast-content-background-meta":{"desktop":{"background-color":"var(--ast-global-color-5)","background-image":"","background-repeat":"repeat","background-position":"center center","background-size":"auto","background-attachment":"scroll","background-type":"","background-media":"","overlay-type":"","overlay-color":"","overlay-opacity":"","overlay-gradient":""},"tablet":{"background-color":"var(--ast-global-color-5)","background-image":"","background-repeat":"repeat","background-position":"center center","background-size":"auto","background-attachment":"scroll","background-type":"","background-media":"","overlay-type":"","overlay-color":"","overlay-opacity":"","overlay-gradient":""},"mobile":{"background-color":"var(--ast-global-color-5)","background-image":"","background-repeat":"repeat","background-position":"center center","background-size":"auto","background-attachment":"scroll","background-type":"","background-media":"","overlay-type":"","overlay-color":"","overlay-opacity":"","overlay-gradient":""}}},"product_brand":[],"product_cat":[120,112],"product_tag":[121,117,118],"class_list":{"0":"post-3578","1":"product","2":"type-product","3":"status-publish","4":"has-post-thumbnail","6":"product_cat-saas-fee-de","7":"product_cat-wochenende","8":"product_tag-saas-fee-de","9":"product_tag-trail-running-de","10":"product_tag-trailrunning-wochenende","11":"desktop-align-left","12":"tablet-align-left","13":"mobile-align-left","15":"first","16":"outofstock","17":"virtual","18":"purchasable","19":"product-type-simple"},"yoast_head":"<!-- This site is optimized with the Yoast SEO plugin v27.5 - https:\/\/yoast.com\/product\/yoast-seo-wordpress\/ -->\n<title>Trailrunning Camp Saas-Fee  Gemeinsames Dreibettzimmer - Swiss Trail Camps<\/title>\n<meta name=\"robots\" content=\"index, follow, max-snippet:-1, max-image-preview:large, max-video-preview:-1\" \/>\n<link rel=\"canonical\" href=\"https:\/\/swisstrailcamps.ch\/de\/produkt\/saas-fee-trail-running-camp-geteiltes-vierbettzimmer\/\" \/>\n<meta property=\"og:locale\" content=\"de_DE\" \/>\n<meta property=\"og:type\" content=\"article\" \/>\n<meta property=\"og:title\" content=\"Trailrunning Camp Saas-Fee  Gemeinsames Dreibettzimmer - Swiss Trail Camps\" \/>\n<meta property=\"og:description\" content=\"Trailrunning-Wochenende in Saas-Fee, Wallis 25.08. &#8211; 27.08.2022 Inklusive: Zwei \u00dcbernachtungen im WellnessHostel4000 in einem gemeinsamen Dreibettzimmer Drei Tage gef\u00fchrte Trailruns Nutrition Talk Fr\u00fchst\u00fcck Abendessen (vegan und vegetarisch) Snacks (Obst, Gels, Energieriegel) Yoga\" \/>\n<meta property=\"og:url\" content=\"https:\/\/swisstrailcamps.ch\/de\/produkt\/saas-fee-trail-running-camp-geteiltes-vierbettzimmer\/\" \/>\n<meta property=\"og:site_name\" content=\"Swiss Trail Camps\" \/>\n<meta property=\"article:modified_time\" content=\"2022-12-09T10:47:28+00:00\" \/>\n<meta property=\"og:image\" content=\"https:\/\/swisstrailcamps.ch\/wp-content\/uploads\/2022\/10\/DSC5656-scaled.jpg\" \/>\n\t<meta property=\"og:image:width\" content=\"1707\" \/>\n\t<meta property=\"og:image:height\" content=\"2560\" \/>\n\t<meta property=\"og:image:type\" content=\"image\/jpeg\" \/>\n<meta name=\"twitter:card\" content=\"summary_large_image\" \/>\n<meta name=\"twitter:label1\" content=\"Gesch\u00e4tzte Lesezeit\" \/>\n\t<meta name=\"twitter:data1\" content=\"1\u00a0Minute\" \/>\n<script type=\"application\/ld+json\" class=\"yoast-schema-graph\">{\"@context\":\"https:\\\/\\\/schema.org\",\"@graph\":[{\"@type\":\"WebPage\",\"@id\":\"https:\\\/\\\/swisstrailcamps.ch\\\/de\\\/produkt\\\/saas-fee-trail-running-camp-geteiltes-vierbettzimmer\\\/\",\"url\":\"https:\\\/\\\/swisstrailcamps.ch\\\/de\\\/produkt\\\/saas-fee-trail-running-camp-geteiltes-vierbettzimmer\\\/\",\"name\":\"Trailrunning Camp Saas-Fee Gemeinsames Dreibettzimmer - Swiss Trail Camps\",\"isPartOf\":{\"@id\":\"https:\\\/\\\/swisstrailcamps.ch\\\/de\\\/#website\"},\"primaryImageOfPage\":{\"@id\":\"https:\\\/\\\/swisstrailcamps.ch\\\/de\\\/produkt\\\/saas-fee-trail-running-camp-geteiltes-vierbettzimmer\\\/#primaryimage\"},\"image\":{\"@id\":\"https:\\\/\\\/swisstrailcamps.ch\\\/de\\\/produkt\\\/saas-fee-trail-running-camp-geteiltes-vierbettzimmer\\\/#primaryimage\"},\"thumbnailUrl\":\"https:\\\/\\\/swisstrailcamps.ch\\\/wp-content\\\/uploads\\\/2022\\\/10\\\/DSC5656-scaled.jpg\",\"datePublished\":\"2022-09-17T12:46:35+00:00\",\"dateModified\":\"2022-12-09T10:47:28+00:00\",\"breadcrumb\":{\"@id\":\"https:\\\/\\\/swisstrailcamps.ch\\\/de\\\/produkt\\\/saas-fee-trail-running-camp-geteiltes-vierbettzimmer\\\/#breadcrumb\"},\"inLanguage\":\"de\",\"potentialAction\":[{\"@type\":\"ReadAction\",\"target\":[\"https:\\\/\\\/swisstrailcamps.ch\\\/de\\\/produkt\\\/saas-fee-trail-running-camp-geteiltes-vierbettzimmer\\\/\"]}]},{\"@type\":\"ImageObject\",\"inLanguage\":\"de\",\"@id\":\"https:\\\/\\\/swisstrailcamps.ch\\\/de\\\/produkt\\\/saas-fee-trail-running-camp-geteiltes-vierbettzimmer\\\/#primaryimage\",\"url\":\"https:\\\/\\\/swisstrailcamps.ch\\\/wp-content\\\/uploads\\\/2022\\\/10\\\/DSC5656-scaled.jpg\",\"contentUrl\":\"https:\\\/\\\/swisstrailcamps.ch\\\/wp-content\\\/uploads\\\/2022\\\/10\\\/DSC5656-scaled.jpg\",\"width\":1707,\"height\":2560},{\"@type\":\"BreadcrumbList\",\"@id\":\"https:\\\/\\\/swisstrailcamps.ch\\\/de\\\/produkt\\\/saas-fee-trail-running-camp-geteiltes-vierbettzimmer\\\/#breadcrumb\",\"itemListElement\":[{\"@type\":\"ListItem\",\"position\":1,\"name\":\"Home\",\"item\":\"https:\\\/\\\/swisstrailcamps.ch\\\/de\\\/\"},{\"@type\":\"ListItem\",\"position\":2,\"name\":\"Trail Running Camps\",\"item\":\"https:\\\/\\\/swisstrailcamps.ch\\\/trail-running-camps\\\/\"},{\"@type\":\"ListItem\",\"position\":3,\"name\":\"Trailrunning Camp Saas-Fee Gemeinsames Dreibettzimmer\"}]},{\"@type\":\"WebSite\",\"@id\":\"https:\\\/\\\/swisstrailcamps.ch\\\/de\\\/#website\",\"url\":\"https:\\\/\\\/swisstrailcamps.ch\\\/de\\\/\",\"name\":\"Swiss Trail Camps\",\"description\":\"Trail Running Camps in Switzerland\",\"publisher\":{\"@id\":\"https:\\\/\\\/swisstrailcamps.ch\\\/de\\\/#organization\"},\"potentialAction\":[{\"@type\":\"SearchAction\",\"target\":{\"@type\":\"EntryPoint\",\"urlTemplate\":\"https:\\\/\\\/swisstrailcamps.ch\\\/de\\\/?s={search_term_string}\"},\"query-input\":{\"@type\":\"PropertyValueSpecification\",\"valueRequired\":true,\"valueName\":\"search_term_string\"}}],\"inLanguage\":\"de\"},{\"@type\":\"Organization\",\"@id\":\"https:\\\/\\\/swisstrailcamps.ch\\\/de\\\/#organization\",\"name\":\"Swiss Trail Camps\",\"url\":\"https:\\\/\\\/swisstrailcamps.ch\\\/de\\\/\",\"logo\":{\"@type\":\"ImageObject\",\"inLanguage\":\"de\",\"@id\":\"https:\\\/\\\/swisstrailcamps.ch\\\/de\\\/#\\\/schema\\\/logo\\\/image\\\/\",\"url\":\"https:\\\/\\\/swisstrailcamps.ch\\\/wp-content\\\/uploads\\\/2022\\\/09\\\/C-8.png\",\"contentUrl\":\"https:\\\/\\\/swisstrailcamps.ch\\\/wp-content\\\/uploads\\\/2022\\\/09\\\/C-8.png\",\"width\":250,\"height\":250,\"caption\":\"Swiss Trail Camps\"},\"image\":{\"@id\":\"https:\\\/\\\/swisstrailcamps.ch\\\/de\\\/#\\\/schema\\\/logo\\\/image\\\/\"},\"sameAs\":[\"https:\\\/\\\/www.instagram.com\\\/lilli.bit.everywhere\\\/\"]}]}<\/script>\n<!-- \/ Yoast SEO plugin. -->","yoast_head_json":{"title":"Trailrunning Camp Saas-Fee  Gemeinsames Dreibettzimmer - Swiss Trail Camps","robots":{"index":"index","follow":"follow","max-snippet":"max-snippet:-1","max-image-preview":"max-image-preview:large","max-video-preview":"max-video-preview:-1"},"canonical":"https:\/\/swisstrailcamps.ch\/de\/produkt\/saas-fee-trail-running-camp-geteiltes-vierbettzimmer\/","og_locale":"de_DE","og_type":"article","og_title":"Trailrunning Camp Saas-Fee  Gemeinsames Dreibettzimmer - Swiss Trail Camps","og_description":"Trailrunning-Wochenende in Saas-Fee, Wallis 25.08. &#8211; 27.08.2022 Inklusive: Zwei \u00dcbernachtungen im WellnessHostel4000 in einem gemeinsamen Dreibettzimmer Drei Tage gef\u00fchrte Trailruns Nutrition Talk Fr\u00fchst\u00fcck Abendessen (vegan und vegetarisch) Snacks (Obst, Gels, Energieriegel) Yoga","og_url":"https:\/\/swisstrailcamps.ch\/de\/produkt\/saas-fee-trail-running-camp-geteiltes-vierbettzimmer\/","og_site_name":"Swiss Trail Camps","article_modified_time":"2022-12-09T10:47:28+00:00","og_image":[{"width":1707,"height":2560,"url":"https:\/\/swisstrailcamps.ch\/wp-content\/uploads\/2022\/10\/DSC5656-scaled.jpg","type":"image\/jpeg"}],"twitter_card":"summary_large_image","twitter_misc":{"Gesch\u00e4tzte Lesezeit":"1\u00a0Minute"},"schema":{"@context":"https:\/\/schema.org","@graph":[{"@type":"WebPage","@id":"https:\/\/swisstrailcamps.ch\/de\/produkt\/saas-fee-trail-running-camp-geteiltes-vierbettzimmer\/","url":"https:\/\/swisstrailcamps.ch\/de\/produkt\/saas-fee-trail-running-camp-geteiltes-vierbettzimmer\/","name":"Trailrunning Camp Saas-Fee Gemeinsames Dreibettzimmer - Swiss Trail Camps","isPartOf":{"@id":"https:\/\/swisstrailcamps.ch\/de\/#website"},"primaryImageOfPage":{"@id":"https:\/\/swisstrailcamps.ch\/de\/produkt\/saas-fee-trail-running-camp-geteiltes-vierbettzimmer\/#primaryimage"},"image":{"@id":"https:\/\/swisstrailcamps.ch\/de\/produkt\/saas-fee-trail-running-camp-geteiltes-vierbettzimmer\/#primaryimage"},"thumbnailUrl":"https:\/\/swisstrailcamps.ch\/wp-content\/uploads\/2022\/10\/DSC5656-scaled.jpg","datePublished":"2022-09-17T12:46:35+00:00","dateModified":"2022-12-09T10:47:28+00:00","breadcrumb":{"@id":"https:\/\/swisstrailcamps.ch\/de\/produkt\/saas-fee-trail-running-camp-geteiltes-vierbettzimmer\/#breadcrumb"},"inLanguage":"de","potentialAction":[{"@type":"ReadAction","target":["https:\/\/swisstrailcamps.ch\/de\/produkt\/saas-fee-trail-running-camp-geteiltes-vierbettzimmer\/"]}]},{"@type":"ImageObject","inLanguage":"de","@id":"https:\/\/swisstrailcamps.ch\/de\/produkt\/saas-fee-trail-running-camp-geteiltes-vierbettzimmer\/#primaryimage","url":"https:\/\/swisstrailcamps.ch\/wp-content\/uploads\/2022\/10\/DSC5656-scaled.jpg","contentUrl":"https:\/\/swisstrailcamps.ch\/wp-content\/uploads\/2022\/10\/DSC5656-scaled.jpg","width":1707,"height":2560},{"@type":"BreadcrumbList","@id":"https:\/\/swisstrailcamps.ch\/de\/produkt\/saas-fee-trail-running-camp-geteiltes-vierbettzimmer\/#breadcrumb","itemListElement":[{"@type":"ListItem","position":1,"name":"Home","item":"https:\/\/swisstrailcamps.ch\/de\/"},{"@type":"ListItem","position":2,"name":"Trail Running Camps","item":"https:\/\/swisstrailcamps.ch\/trail-running-camps\/"},{"@type":"ListItem","position":3,"name":"Trailrunning Camp Saas-Fee Gemeinsames Dreibettzimmer"}]},{"@type":"WebSite","@id":"https:\/\/swisstrailcamps.ch\/de\/#website","url":"https:\/\/swisstrailcamps.ch\/de\/","name":"Swiss Trail Camps","description":"Trail Running Camps in Switzerland","publisher":{"@id":"https:\/\/swisstrailcamps.ch\/de\/#organization"},"potentialAction":[{"@type":"SearchAction","target":{"@type":"EntryPoint","urlTemplate":"https:\/\/swisstrailcamps.ch\/de\/?s={search_term_string}"},"query-input":{"@type":"PropertyValueSpecification","valueRequired":true,"valueName":"search_term_string"}}],"inLanguage":"de"},{"@type":"Organization","@id":"https:\/\/swisstrailcamps.ch\/de\/#organization","name":"Swiss Trail Camps","url":"https:\/\/swisstrailcamps.ch\/de\/","logo":{"@type":"ImageObject","inLanguage":"de","@id":"https:\/\/swisstrailcamps.ch\/de\/#\/schema\/logo\/image\/","url":"https:\/\/swisstrailcamps.ch\/wp-content\/uploads\/2022\/09\/C-8.png","contentUrl":"https:\/\/swisstrailcamps.ch\/wp-content\/uploads\/2022\/09\/C-8.png","width":250,"height":250,"caption":"Swiss Trail Camps"},"image":{"@id":"https:\/\/swisstrailcamps.ch\/de\/#\/schema\/logo\/image\/"},"sameAs":["https:\/\/www.instagram.com\/lilli.bit.everywhere\/"]}]}},"_links":{"self":[{"href":"https:\/\/swisstrailcamps.ch\/de\/wp-json\/wp\/v2\/product\/3578","targetHints":{"allow":["GET"]}}],"collection":[{"href":"https:\/\/swisstrailcamps.ch\/de\/wp-json\/wp\/v2\/product"}],"about":[{"href":"https:\/\/swisstrailcamps.ch\/de\/wp-json\/wp\/v2\/types\/product"}],"wp:featuredmedia":[{"embeddable":true,"href":"https:\/\/swisstrailcamps.ch\/de\/wp-json\/wp\/v2\/media\/3204"}],"wp:attachment":[{"href":"https:\/\/swisstrailcamps.ch\/de\/wp-json\/wp\/v2\/media?parent=3578"}],"wp:term":[{"taxonomy":"product_brand","embeddable":true,"href":"https:\/\/swisstrailcamps.ch\/de\/wp-json\/wp\/v2\/product_brand?post=3578"},{"taxonomy":"product_cat","embeddable":true,"href":"https:\/\/swisstrailcamps.ch\/de\/wp-json\/wp\/v2\/product_cat?post=3578"},{"taxonomy":"product_tag","embeddable":true,"href":"https:\/\/swisstrailcamps.ch\/de\/wp-json\/wp\/v2\/product_tag?post=3578"}],"curies":[{"name":"wp","href":"https:\/\/api.w.org\/{rel}","templated":true}]}}