{"id":3257,"date":"2022-09-20T13:01:11","date_gmt":"2022-09-20T12:01:11","guid":{"rendered":"https:\/\/swisstrailcamps.ch\/product\/langlaufcamp-davos-inkl-ausruestung-geteiltes-zweibettzimmer"},"modified":"2022-10-25T20:32:34","modified_gmt":"2022-10-25T20:32:34","slug":"davos-langlauf-camp-gemeinsam-doppelzimmer","status":"publish","type":"product","link":"https:\/\/swisstrailcamps.ch\/de\/produkt\/davos-langlauf-camp-gemeinsam-doppelzimmer\/","title":{"rendered":"Langlaufcamp Davos Inkl. Ausr\u00fcstung<br>  Geteiltes Zweibettzimmer"},"content":{"rendered":"<p>Skilanglauf-Camp in Davos.<br \/>\n03.-04.12.2022<\/p>\n<p>Einschlie\u00dflich:<\/p>\n<p>Eine \u00dcbernachtung im Steigenberger Grandhotel Belv\u00e9d\u00e8re***** in einem gemeinsamen Doppelzimmer<\/p>\n<p>Zwei Tage mit vier gef\u00fchrten Skilanglauf-Sessions<br \/>\nSkilanglauftechnik<br \/>\nLanglaufloipen-Zugang (in Davos kostenlos)<\/p>\n<p>Zwei Gruppen:<br \/>\nAnf\u00e4nger &#8222;Wie erlernt man Skilanglauf&#8220; (Skating)<br \/>\nErfahrene &#8222;Wie man die Technik des Skilanglaufs verbessert&#8220; (Skating)<\/p>\n<p>Wellness &amp; Spa<\/p>\n<p>Fr\u00fchst\u00fcck<br \/>\nAbendessen<\/p>\n<p>Optional: Skilanglaufausr\u00fcstung &#8211; Ski, Schuhe, St\u00f6cke (extra Geb\u00fchr)<\/p>\n","protected":false},"excerpt":{"rendered":"<p>Skilanglauf-Camp in Davos. 03.-04.12.2022 Einschlie\u00dflich: Eine \u00dcbernachtung im Steigenberger Grandhotel Belv\u00e9d\u00e8re***** in einem gemeinsamen Doppelzimmer Zwei Tage mit vier gef\u00fchrten Skilanglauf-Sessions Skilanglauftechnik Langlaufloipen-Zugang (in Davos kostenlos) Zwei Gruppen: Anf\u00e4nger &#8222;Wie erlernt man Skilanglauf&#8220; (Skating) Erfahrene &#8222;Wie man die Technik des Skilanglaufs verbessert&#8220; (Skating) Wellness &amp; Spa Fr\u00fchst\u00fcck Abendessen Optional: Skilanglaufausr\u00fcstung &#8211; Ski, Schuhe, St\u00f6cke (extra [&hellip;]<\/p>\n","protected":false},"featured_media":6220,"template":"","meta":{"om_disable_all_campaigns":false,"_monsterinsights_skip_tracking":false,"_monsterinsights_sitenote_active":false,"_monsterinsights_sitenote_note":"","_monsterinsights_sitenote_category":0,"site-sidebar-layout":"default","site-content-layout":"default","ast-site-content-layout":"default","site-content-style":"default","site-sidebar-style":"default","ast-global-header-display":"","ast-banner-title-visibility":"","ast-main-header-display":"","ast-hfb-above-header-display":"","ast-hfb-below-header-display":"","ast-hfb-mobile-header-display":"","site-post-title":"","ast-breadcrumbs-content":"","ast-featured-img":"","footer-sml-layout":"","ast-disable-related-posts":"","theme-transparent-header-meta":"default","adv-header-id-meta":"","stick-header-meta":"","header-above-stick-meta":"","header-main-stick-meta":"","header-below-stick-meta":"","astra-migrate-meta-layouts":"default","ast-page-background-enabled":"default","ast-page-background-meta":{"desktop":{"background-color":"var(--ast-global-color-4)","background-image":"","background-repeat":"repeat","background-position":"center center","background-size":"auto","background-attachment":"scroll","background-type":"","background-media":"","overlay-type":"","overlay-color":"","overlay-opacity":"","overlay-gradient":""},"tablet":{"background-color":"","background-image":"","background-repeat":"repeat","background-position":"center center","background-size":"auto","background-attachment":"scroll","background-type":"","background-media":"","overlay-type":"","overlay-color":"","overlay-opacity":"","overlay-gradient":""},"mobile":{"background-color":"","background-image":"","background-repeat":"repeat","background-position":"center center","background-size":"auto","background-attachment":"scroll","background-type":"","background-media":"","overlay-type":"","overlay-color":"","overlay-opacity":"","overlay-gradient":""}},"ast-content-background-meta":{"desktop":{"background-color":"var(--ast-global-color-5)","background-image":"","background-repeat":"repeat","background-position":"center center","background-size":"auto","background-attachment":"scroll","background-type":"","background-media":"","overlay-type":"","overlay-color":"","overlay-opacity":"","overlay-gradient":""},"tablet":{"background-color":"var(--ast-global-color-5)","background-image":"","background-repeat":"repeat","background-position":"center center","background-size":"auto","background-attachment":"scroll","background-type":"","background-media":"","overlay-type":"","overlay-color":"","overlay-opacity":"","overlay-gradient":""},"mobile":{"background-color":"var(--ast-global-color-5)","background-image":"","background-repeat":"repeat","background-position":"center center","background-size":"auto","background-attachment":"scroll","background-type":"","background-media":"","overlay-type":"","overlay-color":"","overlay-opacity":"","overlay-gradient":""}}},"product_brand":[],"product_cat":[113,112],"product_tag":[114,115],"class_list":{"0":"post-3257","1":"product","2":"type-product","3":"status-publish","4":"has-post-thumbnail","6":"product_cat-skilanglauf","7":"product_cat-wochenende","8":"product_tag-skilanglauf","9":"product_tag-winter-davos-de","10":"desktop-align-left","11":"tablet-align-left","12":"mobile-align-left","14":"first","15":"instock","16":"sale","17":"virtual","18":"purchasable","19":"product-type-simple"},"yoast_head":"<!-- This site is optimized with the Yoast SEO plugin v27.4 - https:\/\/yoast.com\/product\/yoast-seo-wordpress\/ -->\n<title>Langlaufcamp Davos Inkl. Ausr\u00fcstung Geteiltes Zweibettzimmer - Swiss Trail Camps<\/title>\n<meta name=\"robots\" content=\"index, follow, max-snippet:-1, max-image-preview:large, max-video-preview:-1\" \/>\n<link rel=\"canonical\" href=\"https:\/\/swisstrailcamps.ch\/de\/produkt\/davos-langlauf-camp-gemeinsam-doppelzimmer\/\" \/>\n<meta property=\"og:locale\" content=\"de_DE\" \/>\n<meta property=\"og:type\" content=\"article\" \/>\n<meta property=\"og:title\" content=\"Langlaufcamp Davos Inkl. Ausr\u00fcstung Geteiltes Zweibettzimmer - Swiss Trail Camps\" \/>\n<meta property=\"og:description\" content=\"Skilanglauf-Camp in Davos. 03.-04.12.2022 Einschlie\u00dflich: Eine \u00dcbernachtung im Steigenberger Grandhotel Belv\u00e9d\u00e8re***** in einem gemeinsamen Doppelzimmer Zwei Tage mit vier gef\u00fchrten Skilanglauf-Sessions Skilanglauftechnik Langlaufloipen-Zugang (in Davos kostenlos) Zwei Gruppen: Anf\u00e4nger &#8222;Wie erlernt man Skilanglauf&#8220; (Skating) Erfahrene &#8222;Wie man die Technik des Skilanglaufs verbessert&#8220; (Skating) Wellness &amp; Spa Fr\u00fchst\u00fcck Abendessen Optional: Skilanglaufausr\u00fcstung &#8211; Ski, Schuhe, St\u00f6cke (extra [&hellip;]\" \/>\n<meta property=\"og:url\" content=\"https:\/\/swisstrailcamps.ch\/de\/produkt\/davos-langlauf-camp-gemeinsam-doppelzimmer\/\" \/>\n<meta property=\"og:site_name\" content=\"Swiss Trail Camps\" \/>\n<meta property=\"article:modified_time\" content=\"2022-10-25T20:32:34+00:00\" \/>\n<meta property=\"og:image\" content=\"https:\/\/swisstrailcamps.ch\/wp-content\/uploads\/2022\/09\/1.png\" \/>\n\t<meta property=\"og:image:width\" content=\"1000\" \/>\n\t<meta property=\"og:image:height\" content=\"1000\" \/>\n\t<meta property=\"og:image:type\" content=\"image\/png\" \/>\n<meta name=\"twitter:card\" content=\"summary_large_image\" \/>\n<script type=\"application\/ld+json\" class=\"yoast-schema-graph\">{\"@context\":\"https:\\\/\\\/schema.org\",\"@graph\":[{\"@type\":\"WebPage\",\"@id\":\"https:\\\/\\\/swisstrailcamps.ch\\\/de\\\/produkt\\\/davos-langlauf-camp-gemeinsam-doppelzimmer\\\/\",\"url\":\"https:\\\/\\\/swisstrailcamps.ch\\\/de\\\/produkt\\\/davos-langlauf-camp-gemeinsam-doppelzimmer\\\/\",\"name\":\"Langlaufcamp Davos Inkl. Ausr\u00fcstung Geteiltes Zweibettzimmer - Swiss Trail Camps\",\"isPartOf\":{\"@id\":\"https:\\\/\\\/swisstrailcamps.ch\\\/de\\\/#website\"},\"primaryImageOfPage\":{\"@id\":\"https:\\\/\\\/swisstrailcamps.ch\\\/de\\\/produkt\\\/davos-langlauf-camp-gemeinsam-doppelzimmer\\\/#primaryimage\"},\"image\":{\"@id\":\"https:\\\/\\\/swisstrailcamps.ch\\\/de\\\/produkt\\\/davos-langlauf-camp-gemeinsam-doppelzimmer\\\/#primaryimage\"},\"thumbnailUrl\":\"https:\\\/\\\/swisstrailcamps.ch\\\/wp-content\\\/uploads\\\/2022\\\/09\\\/1.png\",\"datePublished\":\"2022-09-20T12:01:11+00:00\",\"dateModified\":\"2022-10-25T20:32:34+00:00\",\"breadcrumb\":{\"@id\":\"https:\\\/\\\/swisstrailcamps.ch\\\/de\\\/produkt\\\/davos-langlauf-camp-gemeinsam-doppelzimmer\\\/#breadcrumb\"},\"inLanguage\":\"de\",\"potentialAction\":[{\"@type\":\"ReadAction\",\"target\":[\"https:\\\/\\\/swisstrailcamps.ch\\\/de\\\/produkt\\\/davos-langlauf-camp-gemeinsam-doppelzimmer\\\/\"]}]},{\"@type\":\"ImageObject\",\"inLanguage\":\"de\",\"@id\":\"https:\\\/\\\/swisstrailcamps.ch\\\/de\\\/produkt\\\/davos-langlauf-camp-gemeinsam-doppelzimmer\\\/#primaryimage\",\"url\":\"https:\\\/\\\/swisstrailcamps.ch\\\/wp-content\\\/uploads\\\/2022\\\/09\\\/1.png\",\"contentUrl\":\"https:\\\/\\\/swisstrailcamps.ch\\\/wp-content\\\/uploads\\\/2022\\\/09\\\/1.png\",\"width\":1000,\"height\":1000},{\"@type\":\"BreadcrumbList\",\"@id\":\"https:\\\/\\\/swisstrailcamps.ch\\\/de\\\/produkt\\\/davos-langlauf-camp-gemeinsam-doppelzimmer\\\/#breadcrumb\",\"itemListElement\":[{\"@type\":\"ListItem\",\"position\":1,\"name\":\"Home\",\"item\":\"https:\\\/\\\/swisstrailcamps.ch\\\/de\\\/\"},{\"@type\":\"ListItem\",\"position\":2,\"name\":\"Trail Running Camps\",\"item\":\"https:\\\/\\\/swisstrailcamps.ch\\\/trail-running-camps\\\/\"},{\"@type\":\"ListItem\",\"position\":3,\"name\":\"Langlaufcamp Davos Inkl. Ausr\u00fcstung Geteiltes Zweibettzimmer\"}]},{\"@type\":\"WebSite\",\"@id\":\"https:\\\/\\\/swisstrailcamps.ch\\\/de\\\/#website\",\"url\":\"https:\\\/\\\/swisstrailcamps.ch\\\/de\\\/\",\"name\":\"Swiss Trail Camps\",\"description\":\"Trail Running Camps in Switzerland\",\"publisher\":{\"@id\":\"https:\\\/\\\/swisstrailcamps.ch\\\/de\\\/#organization\"},\"potentialAction\":[{\"@type\":\"SearchAction\",\"target\":{\"@type\":\"EntryPoint\",\"urlTemplate\":\"https:\\\/\\\/swisstrailcamps.ch\\\/de\\\/?s={search_term_string}\"},\"query-input\":{\"@type\":\"PropertyValueSpecification\",\"valueRequired\":true,\"valueName\":\"search_term_string\"}}],\"inLanguage\":\"de\"},{\"@type\":\"Organization\",\"@id\":\"https:\\\/\\\/swisstrailcamps.ch\\\/de\\\/#organization\",\"name\":\"Swiss Trail Camps\",\"url\":\"https:\\\/\\\/swisstrailcamps.ch\\\/de\\\/\",\"logo\":{\"@type\":\"ImageObject\",\"inLanguage\":\"de\",\"@id\":\"https:\\\/\\\/swisstrailcamps.ch\\\/de\\\/#\\\/schema\\\/logo\\\/image\\\/\",\"url\":\"https:\\\/\\\/swisstrailcamps.ch\\\/wp-content\\\/uploads\\\/2022\\\/09\\\/C-8.png\",\"contentUrl\":\"https:\\\/\\\/swisstrailcamps.ch\\\/wp-content\\\/uploads\\\/2022\\\/09\\\/C-8.png\",\"width\":250,\"height\":250,\"caption\":\"Swiss Trail Camps\"},\"image\":{\"@id\":\"https:\\\/\\\/swisstrailcamps.ch\\\/de\\\/#\\\/schema\\\/logo\\\/image\\\/\"},\"sameAs\":[\"https:\\\/\\\/www.instagram.com\\\/lilli.bit.everywhere\\\/\"]}]}<\/script>\n<!-- \/ Yoast SEO plugin. -->","yoast_head_json":{"title":"Langlaufcamp Davos Inkl. Ausr\u00fcstung Geteiltes Zweibettzimmer - Swiss Trail Camps","robots":{"index":"index","follow":"follow","max-snippet":"max-snippet:-1","max-image-preview":"max-image-preview:large","max-video-preview":"max-video-preview:-1"},"canonical":"https:\/\/swisstrailcamps.ch\/de\/produkt\/davos-langlauf-camp-gemeinsam-doppelzimmer\/","og_locale":"de_DE","og_type":"article","og_title":"Langlaufcamp Davos Inkl. Ausr\u00fcstung Geteiltes Zweibettzimmer - Swiss Trail Camps","og_description":"Skilanglauf-Camp in Davos. 03.-04.12.2022 Einschlie\u00dflich: Eine \u00dcbernachtung im Steigenberger Grandhotel Belv\u00e9d\u00e8re***** in einem gemeinsamen Doppelzimmer Zwei Tage mit vier gef\u00fchrten Skilanglauf-Sessions Skilanglauftechnik Langlaufloipen-Zugang (in Davos kostenlos) Zwei Gruppen: Anf\u00e4nger &#8222;Wie erlernt man Skilanglauf&#8220; (Skating) Erfahrene &#8222;Wie man die Technik des Skilanglaufs verbessert&#8220; (Skating) Wellness &amp; Spa Fr\u00fchst\u00fcck Abendessen Optional: Skilanglaufausr\u00fcstung &#8211; Ski, Schuhe, St\u00f6cke (extra [&hellip;]","og_url":"https:\/\/swisstrailcamps.ch\/de\/produkt\/davos-langlauf-camp-gemeinsam-doppelzimmer\/","og_site_name":"Swiss Trail Camps","article_modified_time":"2022-10-25T20:32:34+00:00","og_image":[{"width":1000,"height":1000,"url":"https:\/\/swisstrailcamps.ch\/wp-content\/uploads\/2022\/09\/1.png","type":"image\/png"}],"twitter_card":"summary_large_image","schema":{"@context":"https:\/\/schema.org","@graph":[{"@type":"WebPage","@id":"https:\/\/swisstrailcamps.ch\/de\/produkt\/davos-langlauf-camp-gemeinsam-doppelzimmer\/","url":"https:\/\/swisstrailcamps.ch\/de\/produkt\/davos-langlauf-camp-gemeinsam-doppelzimmer\/","name":"Langlaufcamp Davos Inkl. Ausr\u00fcstung Geteiltes Zweibettzimmer - Swiss Trail Camps","isPartOf":{"@id":"https:\/\/swisstrailcamps.ch\/de\/#website"},"primaryImageOfPage":{"@id":"https:\/\/swisstrailcamps.ch\/de\/produkt\/davos-langlauf-camp-gemeinsam-doppelzimmer\/#primaryimage"},"image":{"@id":"https:\/\/swisstrailcamps.ch\/de\/produkt\/davos-langlauf-camp-gemeinsam-doppelzimmer\/#primaryimage"},"thumbnailUrl":"https:\/\/swisstrailcamps.ch\/wp-content\/uploads\/2022\/09\/1.png","datePublished":"2022-09-20T12:01:11+00:00","dateModified":"2022-10-25T20:32:34+00:00","breadcrumb":{"@id":"https:\/\/swisstrailcamps.ch\/de\/produkt\/davos-langlauf-camp-gemeinsam-doppelzimmer\/#breadcrumb"},"inLanguage":"de","potentialAction":[{"@type":"ReadAction","target":["https:\/\/swisstrailcamps.ch\/de\/produkt\/davos-langlauf-camp-gemeinsam-doppelzimmer\/"]}]},{"@type":"ImageObject","inLanguage":"de","@id":"https:\/\/swisstrailcamps.ch\/de\/produkt\/davos-langlauf-camp-gemeinsam-doppelzimmer\/#primaryimage","url":"https:\/\/swisstrailcamps.ch\/wp-content\/uploads\/2022\/09\/1.png","contentUrl":"https:\/\/swisstrailcamps.ch\/wp-content\/uploads\/2022\/09\/1.png","width":1000,"height":1000},{"@type":"BreadcrumbList","@id":"https:\/\/swisstrailcamps.ch\/de\/produkt\/davos-langlauf-camp-gemeinsam-doppelzimmer\/#breadcrumb","itemListElement":[{"@type":"ListItem","position":1,"name":"Home","item":"https:\/\/swisstrailcamps.ch\/de\/"},{"@type":"ListItem","position":2,"name":"Trail Running Camps","item":"https:\/\/swisstrailcamps.ch\/trail-running-camps\/"},{"@type":"ListItem","position":3,"name":"Langlaufcamp Davos Inkl. Ausr\u00fcstung Geteiltes Zweibettzimmer"}]},{"@type":"WebSite","@id":"https:\/\/swisstrailcamps.ch\/de\/#website","url":"https:\/\/swisstrailcamps.ch\/de\/","name":"Swiss Trail Camps","description":"Trail Running Camps in Switzerland","publisher":{"@id":"https:\/\/swisstrailcamps.ch\/de\/#organization"},"potentialAction":[{"@type":"SearchAction","target":{"@type":"EntryPoint","urlTemplate":"https:\/\/swisstrailcamps.ch\/de\/?s={search_term_string}"},"query-input":{"@type":"PropertyValueSpecification","valueRequired":true,"valueName":"search_term_string"}}],"inLanguage":"de"},{"@type":"Organization","@id":"https:\/\/swisstrailcamps.ch\/de\/#organization","name":"Swiss Trail Camps","url":"https:\/\/swisstrailcamps.ch\/de\/","logo":{"@type":"ImageObject","inLanguage":"de","@id":"https:\/\/swisstrailcamps.ch\/de\/#\/schema\/logo\/image\/","url":"https:\/\/swisstrailcamps.ch\/wp-content\/uploads\/2022\/09\/C-8.png","contentUrl":"https:\/\/swisstrailcamps.ch\/wp-content\/uploads\/2022\/09\/C-8.png","width":250,"height":250,"caption":"Swiss Trail Camps"},"image":{"@id":"https:\/\/swisstrailcamps.ch\/de\/#\/schema\/logo\/image\/"},"sameAs":["https:\/\/www.instagram.com\/lilli.bit.everywhere\/"]}]}},"_links":{"self":[{"href":"https:\/\/swisstrailcamps.ch\/de\/wp-json\/wp\/v2\/product\/3257","targetHints":{"allow":["GET"]}}],"collection":[{"href":"https:\/\/swisstrailcamps.ch\/de\/wp-json\/wp\/v2\/product"}],"about":[{"href":"https:\/\/swisstrailcamps.ch\/de\/wp-json\/wp\/v2\/types\/product"}],"wp:featuredmedia":[{"embeddable":true,"href":"https:\/\/swisstrailcamps.ch\/de\/wp-json\/wp\/v2\/media\/6220"}],"wp:attachment":[{"href":"https:\/\/swisstrailcamps.ch\/de\/wp-json\/wp\/v2\/media?parent=3257"}],"wp:term":[{"taxonomy":"product_brand","embeddable":true,"href":"https:\/\/swisstrailcamps.ch\/de\/wp-json\/wp\/v2\/product_brand?post=3257"},{"taxonomy":"product_cat","embeddable":true,"href":"https:\/\/swisstrailcamps.ch\/de\/wp-json\/wp\/v2\/product_cat?post=3257"},{"taxonomy":"product_tag","embeddable":true,"href":"https:\/\/swisstrailcamps.ch\/de\/wp-json\/wp\/v2\/product_tag?post=3257"}],"curies":[{"name":"wp","href":"https:\/\/api.w.org\/{rel}","templated":true}]}}