{"id":3925,"date":"2022-09-21T16:35:23","date_gmt":"2022-09-21T16:35:23","guid":{"rendered":"https:\/\/swisstrailcamps.ch\/stornierungsbedingungen"},"modified":"2022-12-02T10:22:48","modified_gmt":"2022-12-02T10:22:48","slug":"stornierungsbedingungen","status":"publish","type":"page","link":"https:\/\/swisstrailcamps.ch\/de\/stornierungsbedingungen\/","title":{"rendered":"Stornierungsbedingungen"},"content":{"rendered":"\t\t<div data-elementor-type=\"wp-page\" data-elementor-id=\"3925\" class=\"elementor elementor-3925 elementor-1841\" data-elementor-post-type=\"page\">\n\t\t\t\t\t\t<section class=\"elementor-section elementor-top-section elementor-element elementor-element-699625ba elementor-section-boxed elementor-section-height-default elementor-section-height-default\" data-id=\"699625ba\" data-element_type=\"section\" data-e-type=\"section\">\n\t\t\t\t\t\t<div class=\"elementor-container elementor-column-gap-default\">\n\t\t\t\t\t<div class=\"elementor-column elementor-col-100 elementor-top-column elementor-element elementor-element-3ed6673f\" data-id=\"3ed6673f\" data-element_type=\"column\" data-e-type=\"column\">\n\t\t\t<div class=\"elementor-widget-wrap elementor-element-populated\">\n\t\t\t\t\t\t<div class=\"elementor-element elementor-element-22eafc7 elementor-widget elementor-widget-heading\" data-id=\"22eafc7\" data-element_type=\"widget\" data-e-type=\"widget\" data-widget_type=\"heading.default\">\n\t\t\t\t<div class=\"elementor-widget-container\">\n\t\t\t\t\t<h2 class=\"elementor-heading-title elementor-size-default\">Stornierungsbedingungen<\/h2>\t\t\t\t<\/div>\n\t\t\t\t<\/div>\n\t\t\t\t<div class=\"elementor-element elementor-element-235fa01 elementor-widget elementor-widget-text-editor\" data-id=\"235fa01\" data-element_type=\"widget\" data-e-type=\"widget\" data-widget_type=\"text-editor.default\">\n\t\t\t\t<div class=\"elementor-widget-container\">\n\t\t\t\t\t\t\t\t\t<p><\/p>\n<p style=\"font-size: 16px; font-style: normal; font-weight: 300; color: #000000;\"><span style=\"font-family: var( --e-global-typography-text-font-family ), Sans-serif; letter-spacing: var( --e-global-typography-text-letter-spacing ); text-transform: var( --e-global-typography-text-text-transform ); background-color: var( --e-global-color-c696dce );\">Stornierungen m\u00fcssen schriftlich E-Mail erfolgen und unterliegen den folgenden Geb\u00fchren pro Gast:<\/span><\/p>\n<ul style=\"font-size: 16px; font-style: normal; font-weight: 300; color: #000000;\">\n<li style=\"font-size: 16px; font-weight: 400;\" aria-level=\"1\">Mehr als 90 Tage vor der Abreise: 10% des Reisepreises<\/li>\n<li style=\"font-size: 16px; font-weight: 400;\" aria-level=\"1\">46-90 Tage vor Reiseantritt: 20% des Reisepreises<\/li>\n<li style=\"font-size: 16px; font-weight: 400;\" aria-level=\"1\">31-45 Tage vor Abreise: 50% des Reisepreises<\/li>\n<li style=\"font-size: 16px; font-weight: 400;\" aria-level=\"1\">0-30 Tage vor Abreise: 100% des Reisepreises<\/li>\n<\/ul>\n<p style=\"font-size: 16px; font-style: normal; font-weight: 300; color: #000000;\">\u00a0<\/p>\n<p style=\"font-size: 16px; font-style: normal; font-weight: 300; color: #000000;\">\u00a0<\/p>\n<p style=\"font-size: 16px; font-style: normal; font-weight: 300; color: #000000;\"><span style=\"font-weight: bold;\">Stornierungsbedingungen Eiger Ultra Trail &amp; adidas Terrex Infinite Trails<\/span><\/p>\n<p style=\"font-size: 16px; font-style: normal; font-weight: 300; color: #000000;\">Das Swiss Trail Camp bietet spezielle Konditionen f\u00fcr die Teilnehmer. Teilnehmer des Grindelwald Trail Camps erhalten einen garantierten Startplatz f\u00fcr den Eiger Ultra Trail. Nach erfolgreicher Anmeldung zum Eiger Ultra Trail Rennen ist eine Stornierung des Camps oder des Eiger Ultra Trails nicht mehr m\u00f6glich.<\/p>\n<p style=\"font-size: 16px; font-style: normal; font-weight: 300; color: #000000;\">\u00a0<\/p>\n<p style=\"font-size: 16px; font-style: normal; font-weight: 300; color: #000000;\"><span style=\"font-weight: bold;\">Ungenutzter Teil der Reise<\/span><\/p>\n<p style=\"font-size: 16px; font-style: normal; font-weight: 300; color: #000000;\">Es werden keine R\u00fcckerstattungen f\u00fcr nicht in Anspruch genommene Teile einer Reise gew\u00e4hrt, sobald die Reise begonnen hat, einschlie\u00dflich, aber nicht beschr\u00e4nkt auf den Fall, dass Sie eine Reise aus irgendeinem Grund verlassen, das Abreisedatum oder eine Aktivit\u00e4t verpassen oder von einer Reise ausgeschlossen werden m\u00fcssen. Es gibt keine Ausnahmen von dieser Stornierungs- und R\u00fcckerstattungspolitik, auch nicht aus Gr\u00fcnden, die mit dem Wetter, Unruhen, pers\u00f6nlichen, famili\u00e4ren oder medizinischen Notf\u00e4llen oder anderen Umst\u00e4nden au\u00dferhalb unserer Kontrolle zusammenh\u00e4ngen. Aus diesem Grund empfehlen wir Ihnen dringend den Abschluss einer Reiseversicherung.<\/p>\n<p style=\"font-size: 16px; font-style: normal; font-weight: 300; color: #000000;\"><span style=\"font-weight: bold;\">\u00c4nderungen durch Sie<\/span><\/p>\n<p style=\"font-size: 16px; font-style: normal; font-weight: 300; color: #000000;\">Wenn Sie nach der Best\u00e4tigung Ihrer Reise \u00c4nderungen vornehmen m\u00fcssen, z. B. Hinzuf\u00fcgen oder Abziehen von N\u00e4chten, \u00c4nderung von Terminen, Hotels oder Mahlzeitenpl\u00e4nen, helfen wir Ihnen gerne, wenn wir k\u00f6nnen.\u00a0<\/p>\n<p style=\"font-size: 16px; font-style: normal; font-weight: 300; color: #000000;\">Denken Sie daran, dass \u00c4nderungen nicht immer m\u00f6glich sind, insbesondere wenn eine \u00c4nderung Auswirkungen auf die folgenden N\u00e4chte hat. Dar\u00fcber hinaus erheben unsere externen Anbieter, einschlie\u00dflich Hotels, oft zus\u00e4tzliche Geb\u00fchren oder Strafen f\u00fcr \u00c4nderungen und Stornierungen. Es liegt daher in unserem alleinigen Ermessen, ob wir einen \u00c4nderungsantrag annehmen. Wenn wir Ihren Antrag annehmen, werden Sie gebeten, eine Verwaltungsgeb\u00fchr von 300 CHF\/Person zu zahlen, zus\u00e4tzlich zu den neu anfallenden Kosten, die erheblich sein k\u00f6nnen. \u00c4nderungsantr\u00e4ge sollten schriftlich per E-Mail gestellt werden.<\/p>\n<p style=\"font-size: 16px; font-style: normal; font-weight: 300; color: #000000;\"><span style=\"font-weight: bold;\">Stornierungen oder \u00c4nderungen durch uns und Flexibilit\u00e4t<\/span><\/p>\n<p style=\"font-size: 16px; font-style: normal; font-weight: 300; color: #000000;\"><span style=\"font-style: inherit; font-weight: inherit; font-family: var( --e-global-typography-text-font-family ), Sans-serif; letter-spacing: var( --e-global-typography-text-letter-spacing ); text-transform: var( --e-global-typography-text-text-transform ); background-color: var( --e-global-color-c696dce );\">Schweizer Trail Camps\u00a0<\/span><span style=\"background-color: var( --e-global-color-c696dce );\">beh\u00e4lt sich das Recht vor, ein Camp abzusagen oder zu verschieben, wenn die erforderliche Teilnehmerzahl nicht erreicht wird.<br \/><\/span><span style=\"background-color: var( --e-global-color-c696dce ); font-family: var( --e-global-typography-text-font-family ), Sans-serif; font-style: inherit; font-weight: inherit; letter-spacing: var( --e-global-typography-text-letter-spacing ); text-transform: var( --e-global-typography-text-text-transform );\"><br \/>Wir behalten uns das Recht vor, jede Reise ohne Vorank\u00fcndigung zu stornieren, zu \u00e4ndern oder zu modifizieren, aus welchem Grund auch immer, einschlie\u00dflich, aber nicht beschr\u00e4nkt auf die Sicherheit, den Komfort und\/oder das Wohlergehen der Reiseteilnehmer und aufgrund von Umst\u00e4nden h\u00f6herer Gewalt, d.h. Umst\u00e4nden, die au\u00dferhalb unserer Kontrolle liegen und uns daran hindern, die Reise wie geplant durchzuf\u00fchren. Dies schlie\u00dft das Recht ein, Reiseleiter und Unterk\u00fcnfte in den Reiseunterlagen zu ersetzen oder auszutauschen, die Reihenfolge der besuchten Orte zu \u00e4ndern und andere \u00c4nderungen am Reiseplan vorzunehmen.\u00a0<\/span><\/p>\n<p style=\"font-size: 16px; font-style: normal; font-weight: 300; color: #000000;\">Sollten wir aufgrund h\u00f6herer Gewalt gezwungen sein, Ihre Reise erheblich zu \u00e4ndern oder zu stornieren, was selten vorkommt, werden wir Sie so schnell wie m\u00f6glich dar\u00fcber informieren. Unter diesen Umst\u00e4nden k\u00f6nnen Sie eine der folgenden Optionen w\u00e4hlen:\u00a0<\/p>\n<ol style=\"font-size: 16px; font-style: normal; font-weight: 300; color: #000000;\">\n<li style=\"font-size: 16px; font-weight: 400;\" aria-level=\"1\">unser Angebot einer vergleichbaren Ersatzreise annehmen, die nach unserem alleinigen Ermessen und je nach Verf\u00fcgbarkeit angeboten wird, oder<\/li>\n<li style=\"font-size: 16px; font-weight: 400;\" aria-level=\"1\">Sie erhalten eine R\u00fcckerstattung aller gezahlten Gelder abz\u00fcglich der an Drittanbieter geleisteten nicht erstattungsf\u00e4higen Anzahlungen.<\/li>\n<\/ol>\n<p style=\"font-size: 16px; font-style: normal; font-weight: 300; color: #000000;\">Wenn Sie ein Angebot f\u00fcr eine Ersatzreise annehmen:<\/p>\n<ol style=\"font-size: 16px; font-style: normal; font-weight: 300; color: #000000;\">\n<li style=\"font-size: 16px; font-weight: 400;\" aria-level=\"1\">Wenn der Preis niedriger ist als der urspr\u00fcngliche Reisepreis, erhalten Sie den Differenzbetrag zur\u00fcck, oder<\/li>\n<li style=\"font-size: 16px; font-weight: 400;\" aria-level=\"1\">Wenn die Kosten f\u00fcr die Ersatzreise h\u00f6her sind als die Kosten f\u00fcr die urspr\u00fcngliche Reise, m\u00fcssen Sie die Differenz zahlen.<\/li>\n<\/ol>\n<p><\/p>\t\t\t\t\t\t\t\t<\/div>\n\t\t\t\t<\/div>\n\t\t\t\t\t<\/div>\n\t\t<\/div>\n\t\t\t\t\t<\/div>\n\t\t<\/section>\n\t\t\t\t<\/div>\n\t\t","protected":false},"excerpt":{"rendered":"<p>Stornierungsbedingungen Stornierungen m\u00fcssen schriftlich E-Mail erfolgen und unterliegen den folgenden Geb\u00fchren pro Gast: Mehr als 90 Tage vor der Abreise: 10% des Reisepreises 46-90 Tage vor Reiseantritt: 20% des Reisepreises 31-45 Tage vor Abreise: 50% des Reisepreises 0-30 Tage vor Abreise: 100% des Reisepreises \u00a0 \u00a0 Stornierungsbedingungen Eiger Ultra Trail &amp; adidas Terrex Infinite Trails [&hellip;]<\/p>\n","protected":false},"author":1,"featured_media":0,"parent":0,"menu_order":0,"comment_status":"closed","ping_status":"closed","template":"","meta":{"om_disable_all_campaigns":false,"_monsterinsights_skip_tracking":false,"_monsterinsights_sitenote_active":false,"_monsterinsights_sitenote_note":"","_monsterinsights_sitenote_category":0,"site-sidebar-layout":"no-sidebar","site-content-layout":"page-builder","ast-site-content-layout":"default","site-content-style":"default","site-sidebar-style":"default","ast-global-header-display":"","ast-banner-title-visibility":"","ast-main-header-display":"","ast-hfb-above-header-display":"","ast-hfb-below-header-display":"","ast-hfb-mobile-header-display":"","site-post-title":"disabled","ast-breadcrumbs-content":"","ast-featured-img":"disabled","footer-sml-layout":"","ast-disable-related-posts":"","theme-transparent-header-meta":"","adv-header-id-meta":"","stick-header-meta":"","header-above-stick-meta":"","header-main-stick-meta":"","header-below-stick-meta":"","astra-migrate-meta-layouts":"default","ast-page-background-enabled":"default","ast-page-background-meta":{"desktop":{"background-color":"var(--ast-global-color-4)","background-image":"","background-repeat":"repeat","background-position":"center center","background-size":"auto","background-attachment":"scroll","background-type":"","background-media":"","overlay-type":"","overlay-color":"","overlay-opacity":"","overlay-gradient":""},"tablet":{"background-color":"","background-image":"","background-repeat":"repeat","background-position":"center center","background-size":"auto","background-attachment":"scroll","background-type":"","background-media":"","overlay-type":"","overlay-color":"","overlay-opacity":"","overlay-gradient":""},"mobile":{"background-color":"","background-image":"","background-repeat":"repeat","background-position":"center center","background-size":"auto","background-attachment":"scroll","background-type":"","background-media":"","overlay-type":"","overlay-color":"","overlay-opacity":"","overlay-gradient":""}},"ast-content-background-meta":{"desktop":{"background-color":"var(--ast-global-color-5)","background-image":"","background-repeat":"repeat","background-position":"center center","background-size":"auto","background-attachment":"scroll","background-type":"","background-media":"","overlay-type":"","overlay-color":"","overlay-opacity":"","overlay-gradient":""},"tablet":{"background-color":"var(--ast-global-color-5)","background-image":"","background-repeat":"repeat","background-position":"center center","background-size":"auto","background-attachment":"scroll","background-type":"","background-media":"","overlay-type":"","overlay-color":"","overlay-opacity":"","overlay-gradient":""},"mobile":{"background-color":"var(--ast-global-color-5)","background-image":"","background-repeat":"repeat","background-position":"center center","background-size":"auto","background-attachment":"scroll","background-type":"","background-media":"","overlay-type":"","overlay-color":"","overlay-opacity":"","overlay-gradient":""}},"footnotes":""},"class_list":["post-3925","page","type-page","status-publish","hentry"],"yoast_head":"<!-- This site is optimized with the Yoast SEO plugin v27.5 - https:\/\/yoast.com\/product\/yoast-seo-wordpress\/ -->\n<title>Stornierungsbedingungen - Swiss Trail Camps<\/title>\n<meta name=\"robots\" content=\"index, follow, max-snippet:-1, max-image-preview:large, max-video-preview:-1\" \/>\n<link rel=\"canonical\" href=\"https:\/\/swisstrailcamps.ch\/de\/stornierungsbedingungen\/\" \/>\n<meta property=\"og:locale\" content=\"de_DE\" \/>\n<meta property=\"og:type\" content=\"article\" \/>\n<meta property=\"og:title\" content=\"Stornierungsbedingungen - Swiss Trail Camps\" \/>\n<meta property=\"og:description\" content=\"Stornierungsbedingungen Stornierungen m\u00fcssen schriftlich E-Mail erfolgen und unterliegen den folgenden Geb\u00fchren pro Gast: Mehr als 90 Tage vor der Abreise: 10% des Reisepreises 46-90 Tage vor Reiseantritt: 20% des Reisepreises 31-45 Tage vor Abreise: 50% des Reisepreises 0-30 Tage vor Abreise: 100% des Reisepreises \u00a0 \u00a0 Stornierungsbedingungen Eiger Ultra Trail &amp; adidas Terrex Infinite Trails [&hellip;]\" \/>\n<meta property=\"og:url\" content=\"https:\/\/swisstrailcamps.ch\/de\/stornierungsbedingungen\/\" \/>\n<meta property=\"og:site_name\" content=\"Swiss Trail Camps\" \/>\n<meta property=\"article:modified_time\" content=\"2022-12-02T10:22:48+00:00\" \/>\n<meta name=\"twitter:card\" content=\"summary_large_image\" \/>\n<meta name=\"twitter:label1\" content=\"Gesch\u00e4tzte Lesezeit\" \/>\n\t<meta name=\"twitter:data1\" content=\"3\u00a0Minuten\" \/>\n<script type=\"application\/ld+json\" class=\"yoast-schema-graph\">{\"@context\":\"https:\\\/\\\/schema.org\",\"@graph\":[{\"@type\":\"WebPage\",\"@id\":\"https:\\\/\\\/swisstrailcamps.ch\\\/de\\\/stornierungsbedingungen\\\/\",\"url\":\"https:\\\/\\\/swisstrailcamps.ch\\\/de\\\/stornierungsbedingungen\\\/\",\"name\":\"Stornierungsbedingungen - Swiss Trail Camps\",\"isPartOf\":{\"@id\":\"https:\\\/\\\/swisstrailcamps.ch\\\/de\\\/#website\"},\"datePublished\":\"2022-09-21T16:35:23+00:00\",\"dateModified\":\"2022-12-02T10:22:48+00:00\",\"breadcrumb\":{\"@id\":\"https:\\\/\\\/swisstrailcamps.ch\\\/de\\\/stornierungsbedingungen\\\/#breadcrumb\"},\"inLanguage\":\"de\",\"potentialAction\":[{\"@type\":\"ReadAction\",\"target\":[\"https:\\\/\\\/swisstrailcamps.ch\\\/de\\\/stornierungsbedingungen\\\/\"]}]},{\"@type\":\"BreadcrumbList\",\"@id\":\"https:\\\/\\\/swisstrailcamps.ch\\\/de\\\/stornierungsbedingungen\\\/#breadcrumb\",\"itemListElement\":[{\"@type\":\"ListItem\",\"position\":1,\"name\":\"Home\",\"item\":\"https:\\\/\\\/swisstrailcamps.ch\\\/de\\\/\"},{\"@type\":\"ListItem\",\"position\":2,\"name\":\"Stornierungsbedingungen\"}]},{\"@type\":\"WebSite\",\"@id\":\"https:\\\/\\\/swisstrailcamps.ch\\\/de\\\/#website\",\"url\":\"https:\\\/\\\/swisstrailcamps.ch\\\/de\\\/\",\"name\":\"Swiss Trail Camps\",\"description\":\"Trail Running Camps in Switzerland\",\"publisher\":{\"@id\":\"https:\\\/\\\/swisstrailcamps.ch\\\/de\\\/#organization\"},\"potentialAction\":[{\"@type\":\"SearchAction\",\"target\":{\"@type\":\"EntryPoint\",\"urlTemplate\":\"https:\\\/\\\/swisstrailcamps.ch\\\/de\\\/?s={search_term_string}\"},\"query-input\":{\"@type\":\"PropertyValueSpecification\",\"valueRequired\":true,\"valueName\":\"search_term_string\"}}],\"inLanguage\":\"de\"},{\"@type\":\"Organization\",\"@id\":\"https:\\\/\\\/swisstrailcamps.ch\\\/de\\\/#organization\",\"name\":\"Swiss Trail Camps\",\"url\":\"https:\\\/\\\/swisstrailcamps.ch\\\/de\\\/\",\"logo\":{\"@type\":\"ImageObject\",\"inLanguage\":\"de\",\"@id\":\"https:\\\/\\\/swisstrailcamps.ch\\\/de\\\/#\\\/schema\\\/logo\\\/image\\\/\",\"url\":\"https:\\\/\\\/swisstrailcamps.ch\\\/wp-content\\\/uploads\\\/2022\\\/09\\\/C-8.png\",\"contentUrl\":\"https:\\\/\\\/swisstrailcamps.ch\\\/wp-content\\\/uploads\\\/2022\\\/09\\\/C-8.png\",\"width\":250,\"height\":250,\"caption\":\"Swiss Trail Camps\"},\"image\":{\"@id\":\"https:\\\/\\\/swisstrailcamps.ch\\\/de\\\/#\\\/schema\\\/logo\\\/image\\\/\"},\"sameAs\":[\"https:\\\/\\\/www.instagram.com\\\/lilli.bit.everywhere\\\/\"]}]}<\/script>\n<!-- \/ Yoast SEO plugin. -->","yoast_head_json":{"title":"Stornierungsbedingungen - Swiss Trail Camps","robots":{"index":"index","follow":"follow","max-snippet":"max-snippet:-1","max-image-preview":"max-image-preview:large","max-video-preview":"max-video-preview:-1"},"canonical":"https:\/\/swisstrailcamps.ch\/de\/stornierungsbedingungen\/","og_locale":"de_DE","og_type":"article","og_title":"Stornierungsbedingungen - Swiss Trail Camps","og_description":"Stornierungsbedingungen Stornierungen m\u00fcssen schriftlich E-Mail erfolgen und unterliegen den folgenden Geb\u00fchren pro Gast: Mehr als 90 Tage vor der Abreise: 10% des Reisepreises 46-90 Tage vor Reiseantritt: 20% des Reisepreises 31-45 Tage vor Abreise: 50% des Reisepreises 0-30 Tage vor Abreise: 100% des Reisepreises \u00a0 \u00a0 Stornierungsbedingungen Eiger Ultra Trail &amp; adidas Terrex Infinite Trails [&hellip;]","og_url":"https:\/\/swisstrailcamps.ch\/de\/stornierungsbedingungen\/","og_site_name":"Swiss Trail Camps","article_modified_time":"2022-12-02T10:22:48+00:00","twitter_card":"summary_large_image","twitter_misc":{"Gesch\u00e4tzte Lesezeit":"3\u00a0Minuten"},"schema":{"@context":"https:\/\/schema.org","@graph":[{"@type":"WebPage","@id":"https:\/\/swisstrailcamps.ch\/de\/stornierungsbedingungen\/","url":"https:\/\/swisstrailcamps.ch\/de\/stornierungsbedingungen\/","name":"Stornierungsbedingungen - Swiss Trail Camps","isPartOf":{"@id":"https:\/\/swisstrailcamps.ch\/de\/#website"},"datePublished":"2022-09-21T16:35:23+00:00","dateModified":"2022-12-02T10:22:48+00:00","breadcrumb":{"@id":"https:\/\/swisstrailcamps.ch\/de\/stornierungsbedingungen\/#breadcrumb"},"inLanguage":"de","potentialAction":[{"@type":"ReadAction","target":["https:\/\/swisstrailcamps.ch\/de\/stornierungsbedingungen\/"]}]},{"@type":"BreadcrumbList","@id":"https:\/\/swisstrailcamps.ch\/de\/stornierungsbedingungen\/#breadcrumb","itemListElement":[{"@type":"ListItem","position":1,"name":"Home","item":"https:\/\/swisstrailcamps.ch\/de\/"},{"@type":"ListItem","position":2,"name":"Stornierungsbedingungen"}]},{"@type":"WebSite","@id":"https:\/\/swisstrailcamps.ch\/de\/#website","url":"https:\/\/swisstrailcamps.ch\/de\/","name":"Swiss Trail Camps","description":"Trail Running Camps in Switzerland","publisher":{"@id":"https:\/\/swisstrailcamps.ch\/de\/#organization"},"potentialAction":[{"@type":"SearchAction","target":{"@type":"EntryPoint","urlTemplate":"https:\/\/swisstrailcamps.ch\/de\/?s={search_term_string}"},"query-input":{"@type":"PropertyValueSpecification","valueRequired":true,"valueName":"search_term_string"}}],"inLanguage":"de"},{"@type":"Organization","@id":"https:\/\/swisstrailcamps.ch\/de\/#organization","name":"Swiss Trail Camps","url":"https:\/\/swisstrailcamps.ch\/de\/","logo":{"@type":"ImageObject","inLanguage":"de","@id":"https:\/\/swisstrailcamps.ch\/de\/#\/schema\/logo\/image\/","url":"https:\/\/swisstrailcamps.ch\/wp-content\/uploads\/2022\/09\/C-8.png","contentUrl":"https:\/\/swisstrailcamps.ch\/wp-content\/uploads\/2022\/09\/C-8.png","width":250,"height":250,"caption":"Swiss Trail Camps"},"image":{"@id":"https:\/\/swisstrailcamps.ch\/de\/#\/schema\/logo\/image\/"},"sameAs":["https:\/\/www.instagram.com\/lilli.bit.everywhere\/"]}]}},"_links":{"self":[{"href":"https:\/\/swisstrailcamps.ch\/de\/wp-json\/wp\/v2\/pages\/3925","targetHints":{"allow":["GET"]}}],"collection":[{"href":"https:\/\/swisstrailcamps.ch\/de\/wp-json\/wp\/v2\/pages"}],"about":[{"href":"https:\/\/swisstrailcamps.ch\/de\/wp-json\/wp\/v2\/types\/page"}],"author":[{"embeddable":true,"href":"https:\/\/swisstrailcamps.ch\/de\/wp-json\/wp\/v2\/users\/1"}],"replies":[{"embeddable":true,"href":"https:\/\/swisstrailcamps.ch\/de\/wp-json\/wp\/v2\/comments?post=3925"}],"version-history":[{"count":4,"href":"https:\/\/swisstrailcamps.ch\/de\/wp-json\/wp\/v2\/pages\/3925\/revisions"}],"predecessor-version":[{"id":3942,"href":"https:\/\/swisstrailcamps.ch\/de\/wp-json\/wp\/v2\/pages\/3925\/revisions\/3942"}],"wp:attachment":[{"href":"https:\/\/swisstrailcamps.ch\/de\/wp-json\/wp\/v2\/media?parent=3925"}],"curies":[{"name":"wp","href":"https:\/\/api.w.org\/{rel}","templated":true}]}}